{"id":134,"date":"2020-03-07T09:04:32","date_gmt":"2020-03-07T09:04:32","guid":{"rendered":"http:\/\/kreisgruppe-augsburg.de\/?page_id=134"},"modified":"2026-02-06T10:31:26","modified_gmt":"2026-02-06T10:31:26","slug":"vorstand","status":"publish","type":"page","link":"https:\/\/kreisgruppe-augsburg.de\/?page_id=134","title":{"rendered":"Vorstand"},"content":{"rendered":"\n<p><\/p>\n\n\n\n<p><em><mark style=\"background-color:rgba(0, 0, 0, 0)\" class=\"has-inline-color has-accent-color\"><strong>Gesch\u00e4ftsf\u00fchrend<\/strong>:<\/mark><\/em><br><br><strong>Vorsitzender:<\/strong> Helmut Schwarz&nbsp;<br><strong>Stellvertreter:<\/strong> Udo Schneider&nbsp;<\/p>\n\n\n\n<p><strong>Kassiererin:<\/strong> Anita Deppner<br><strong>Schriftf\u00fchrerin:<\/strong> Monika Bielz&nbsp;&nbsp; &nbsp;&nbsp;&nbsp; &nbsp;&nbsp;&nbsp; &nbsp;&nbsp;&nbsp; <br><\/p>\n\n\n\n<div class=\"wp-block-columns is-layout-flex wp-container-core-columns-is-layout-9d6595d7 wp-block-columns-is-layout-flex\">\n<div class=\"wp-block-column is-vertically-aligned-top is-layout-flow wp-block-column-is-layout-flow\" style=\"flex-basis:100%\">\n<p class=\"has-text-align-justify\"><em><mark style=\"background-color:rgba(0, 0, 0, 0)\" class=\"has-inline-color has-accent-color\"><strong>Erweiterter Vorstand<\/strong>:<\/mark><\/em><\/p>\n\n\n\n<p class=\"has-text-align-justify\"><strong>Pressereferat<\/strong>: Ulrike Lassner<br><strong>Kulturreferat:<\/strong> Ute Bako, Ulrike Lassner<strong><br>Frauenreferat:<\/strong> Adelheid Kellinger<br><strong>Internet:<\/strong> Udo Schneider, Gerlinde Ohsam, Timo Schulz <br><strong>Jugendreferat<\/strong>: Agnes Bartel, Adrian Schneider, Jannik Balthes<br><strong>BDV<\/strong>: Annemarie Klein, Ute Bako, Rolf Schnell<br><strong>Da Capo Chor<\/strong>: Rita Almus<br><strong>Chor: <\/strong>Senta Duldner<br><strong>Seniorenkreis<\/strong>: Rita Almus<\/p>\n<\/div>\n<\/div>\n\n\n\n<p><mark style=\"background-color:rgba(0, 0, 0, 0)\" class=\"has-inline-color has-accent-color\"><strong><em>Beisitzer:<\/em><\/strong>&nbsp;<\/mark><br>Petra Malmer<br>Kerstin Glatz<br>Rolf Schnell<br>Markus Stenner<br>Ulrike Schaser<\/p>\n\n\n\n<p><em><mark style=\"background-color:rgba(0, 0, 0, 0)\" class=\"has-inline-color has-accent-color\"><strong>Aktive Gruppen und Leiter<\/strong>:<\/mark><\/em><br><strong>Chor:<\/strong> Elfriede Ungar\u00a0<br><strong>Tanzgruppe:<\/strong> Agnes Bartel und Maximilian G\u00f6ddert<br><strong>Theatergruppe:<\/strong> Ute Bako<br><strong>Da Capo Chor:<\/strong> Lisa Schmidt, Rita Almus<br><strong>Seniorenkreis:<\/strong> <strong>Leitung:<\/strong> Rita Almus; <strong>Helfergruppe:<\/strong> Johanna und Heinrich Drottlef<br><strong>Kindertanzgruppe:<\/strong> Sandra Bruss, Larissa Seiwerth<br><strong>Handarbeitsgruppe:<\/strong> Adelheid Kellinger<\/p>\n\n\n\n<p><strong>Kassenpr\u00fcfer:<\/strong> Martin Schenker, Martin Miessbrandt<br><strong>Ersatzkassenpr\u00fcfer<\/strong>: Helmut Martini, Monika Hermannst\u00e4dter&nbsp;<\/p>\n\n\n\n<figure class=\"wp-block-image size-large\"><img loading=\"lazy\" decoding=\"async\" width=\"1024\" height=\"683\" src=\"https:\/\/kreisgruppe-augsburg.de\/wp-content\/uploads\/2023\/07\/DSC_3420-1024x683.jpg\" alt=\"\" class=\"wp-image-1014\" srcset=\"https:\/\/kreisgruppe-augsburg.de\/wp-content\/uploads\/2023\/07\/DSC_3420-1024x683.jpg 1024w, https:\/\/kreisgruppe-augsburg.de\/wp-content\/uploads\/2023\/07\/DSC_3420-300x200.jpg 300w, https:\/\/kreisgruppe-augsburg.de\/wp-content\/uploads\/2023\/07\/DSC_3420-768x512.jpg 768w, https:\/\/kreisgruppe-augsburg.de\/wp-content\/uploads\/2023\/07\/DSC_3420-1536x1024.jpg 1536w, https:\/\/kreisgruppe-augsburg.de\/wp-content\/uploads\/2023\/07\/DSC_3420-2048x1365.jpg 2048w, https:\/\/kreisgruppe-augsburg.de\/wp-content\/uploads\/2023\/07\/DSC_3420-600x400.jpg 600w, https:\/\/kreisgruppe-augsburg.de\/wp-content\/uploads\/2023\/07\/DSC_3420-945x630.jpg 945w\" sizes=\"auto, (max-width: 1024px) 100vw, 1024px\" \/><figcaption class=\"wp-element-caption\">Der Vorstand der Kreisgruppe mit Landesvorsitzenden W. Kloos (rechts aussen) und seinem Stellvertreter Harry Lutsch (links aussen), bei der Mitgliederversammlung mit Neuwahlen am 29.05.2022.<\/figcaption><\/figure>\n\n\n\n<p><\/p>\n\n\n<div class=\"wp-block-image\">\n<figure class=\"aligncenter size-large is-resized\"><img loading=\"lazy\" decoding=\"async\" width=\"1024\" height=\"768\" src=\"https:\/\/kreisgruppe-augsburg.de\/wp-content\/uploads\/2023\/07\/IMG_6486-1024x768.jpeg\" alt=\"\" class=\"wp-image-1015\" style=\"width:839px;height:629px\" srcset=\"https:\/\/kreisgruppe-augsburg.de\/wp-content\/uploads\/2023\/07\/IMG_6486-1024x768.jpeg 1024w, https:\/\/kreisgruppe-augsburg.de\/wp-content\/uploads\/2023\/07\/IMG_6486-300x225.jpeg 300w, https:\/\/kreisgruppe-augsburg.de\/wp-content\/uploads\/2023\/07\/IMG_6486-768x576.jpeg 768w, https:\/\/kreisgruppe-augsburg.de\/wp-content\/uploads\/2023\/07\/IMG_6486-1536x1152.jpeg 1536w, https:\/\/kreisgruppe-augsburg.de\/wp-content\/uploads\/2023\/07\/IMG_6486-2048x1536.jpeg 2048w, https:\/\/kreisgruppe-augsburg.de\/wp-content\/uploads\/2023\/07\/IMG_6486-600x450.jpeg 600w, https:\/\/kreisgruppe-augsburg.de\/wp-content\/uploads\/2023\/07\/IMG_6486-945x709.jpeg 945w\" sizes=\"auto, (max-width: 1024px) 100vw, 1024px\" \/><figcaption class=\"wp-element-caption\">Der erweiterte Vorstand bei der konstituirenden Sitzung im Juni 2022.<\/figcaption><\/figure>\n<\/div>\n\n\n<p><\/p>\n","protected":false},"excerpt":{"rendered":"<p>Gesch\u00e4ftsf\u00fchrend: Vorsitzender: Helmut Schwarz&nbsp;Stellvertreter: Udo Schneider&nbsp; Kassiererin: Anita DeppnerSchriftf\u00fchrerin: Monika Bielz&nbsp;&nbsp; &nbsp;&nbsp;&nbsp; &nbsp;&nbsp;&nbsp; &nbsp;&nbsp;&nbsp; Erweiterter Vorstand: Pressereferat: Ulrike LassnerKulturreferat: Ute Bako, Ulrike LassnerFrauenreferat: Adelheid KellingerInternet: Udo Schneider, Gerlinde Ohsam, Timo Schulz Jugendreferat: Agnes Bartel, Adrian Schneider, Jannik BalthesBDV: Annemarie Klein,&#8230; <a class=\"more-link\" href=\"https:\/\/kreisgruppe-augsburg.de\/?page_id=134\">Weiterlesen &rarr;<\/a><\/p>\n","protected":false},"author":1,"featured_media":0,"parent":0,"menu_order":0,"comment_status":"closed","ping_status":"closed","template":"","meta":{"ngg_post_thumbnail":0,"footnotes":""},"class_list":["post-134","page","type-page","status-publish","hentry"],"jetpack_sharing_enabled":true,"_links":{"self":[{"href":"https:\/\/kreisgruppe-augsburg.de\/index.php?rest_route=\/wp\/v2\/pages\/134","targetHints":{"allow":["GET"]}}],"collection":[{"href":"https:\/\/kreisgruppe-augsburg.de\/index.php?rest_route=\/wp\/v2\/pages"}],"about":[{"href":"https:\/\/kreisgruppe-augsburg.de\/index.php?rest_route=\/wp\/v2\/types\/page"}],"author":[{"embeddable":true,"href":"https:\/\/kreisgruppe-augsburg.de\/index.php?rest_route=\/wp\/v2\/users\/1"}],"replies":[{"embeddable":true,"href":"https:\/\/kreisgruppe-augsburg.de\/index.php?rest_route=%2Fwp%2Fv2%2Fcomments&post=134"}],"version-history":[{"count":42,"href":"https:\/\/kreisgruppe-augsburg.de\/index.php?rest_route=\/wp\/v2\/pages\/134\/revisions"}],"predecessor-version":[{"id":1327,"href":"https:\/\/kreisgruppe-augsburg.de\/index.php?rest_route=\/wp\/v2\/pages\/134\/revisions\/1327"}],"wp:attachment":[{"href":"https:\/\/kreisgruppe-augsburg.de\/index.php?rest_route=%2Fwp%2Fv2%2Fmedia&parent=134"}],"curies":[{"name":"wp","href":"https:\/\/api.w.org\/{rel}","templated":true}]}}