{"id":143,"date":"2020-03-07T09:29:10","date_gmt":"2020-03-07T09:29:10","guid":{"rendered":"http:\/\/kreisgruppe-augsburg.de\/?page_id=143"},"modified":"2020-03-10T17:28:41","modified_gmt":"2020-03-10T17:28:41","slug":"chronik","status":"publish","type":"page","link":"https:\/\/kreisgruppe-augsburg.de\/?page_id=143","title":{"rendered":"Chronik"},"content":{"rendered":"\n<p>Die Gr\u00fcndung der Kreisgruppe Augsburg reicht in das Jahr 1951 zur\u00fcck. <strong>Egon Baumann<\/strong> gr\u00fcndete im <strong>November 1951<\/strong> im Wirtshaus &#8222;Gr\u00fcner Baum&#8220; am Milchberg den Ortsverband Augsburg.<br>In der Folgezeit war er mit dem Motorrad in vielen Orten des Bezirkes  Schwaben unterwegs, erfa\u00dfte die Landsleute und es entstanden weitere  Ortsverb\u00e4nde in Kempten, Kaufbeuren und N\u00f6rdlingen welche im <strong>Juni 1952<\/strong> im Bezirksverband Schwaben vereint wurden.<br><br>Die wesentlichen Aufgaben waren die Erfassung der verstreut lebenden  Landsleute und die Werbung zum Beitritt in die Landsmannschaft. Weitere  Aufgaben waren die &#8222;Vorstellung der Siebenb\u00fcrger Sachsen&#8220; da diese  weitgehend unbekannt waren. Es wurden Dichterlesungen, Vortr\u00e4ge und  andere Veranstaltungen organisiert.<br><br>Im Jahre <strong>1955<\/strong> nahm eine Trachtengruppe beim Augsburger  Gedenkjahr &#8222;1000 Jahre Schlacht am Lechfeld&#8220; teil und wurde mit viel  Beifall von der Bev\u00f6lkerung aufgenommen.<br><br>Im <strong>M\u00e4rz 1955<\/strong> konnte der Kultur- und Siedlungsverein  &#8222;Adam M\u00fcller-Guttenbrunn&#8220; (eine Gemeinschaftsorganisation der  S\u00fcdostdeutschen aus Augsburg und Umgebung) Richtfest f\u00fcr den ersten  Bauabschnitt eines Siedlungsvorhabens feiern in dessen Nutzen auch  Landsleute aus Siebenb\u00fcrgen kamen.<br><br>Bis heute ist es Ziel der Kreisgruppe Augsburg, der \u00d6ffentlichkeit einen  Einblick in die siebenb\u00fcrgisch-s\u00e4chsische Geschichte und Kultur zu  gew\u00e4hrleisten, bei verschiedenen Gelegenheiten die Problematik der  siebenb\u00fcrgischen Landsleute darzustellen und den Neuank\u00f6mmlingen bei der  Integration Hilfestellung zu leisten. Die Mitarbeit im Rahmen von  Vertriebenenverb\u00e4nden z.B. BdV wird dazu genutzt auf die Problematik  unserer Landsleute hinzuweisen und zu versuchen auch \u00fcber diese Schiene  die Unterst\u00fctzung der \u00d6ffentlichkeit zu bekommen.<\/p>\n\n\n\n<p>Seit <strong>Ende 1983<\/strong> konnte f\u00fcr die Kulturgruppen Chor,  Tanzgruppe, Kindergruppe, Jugendchor und Seniorenkreis eine dauerhafte  Aufenthaltsm\u00f6glichkeit im Gemeindehaus der Auferstehungskirche gefunden  werden.<br><br>Als Partner mit dem F\u00f6rderverein der Russlanddeutschen hat die Stadt Augsburg unter ihrem Oberb\u00fcrgermeister Dr. Kurt Gribl, den Landsmannschaften eine Bleibe erm\u00f6glicht. Im <strong>Februar 2014<\/strong> wurde in einer Feierstunde der Schl\u00fcssel zum Haus der Begegnung feierlich<br>\u00fcbergeben. Seither werden die R\u00e4umlichkeiten t\u00e4glich von den Siebenb\u00fcrger Sachsen, den Banater Schwaben und den Russlanddeutschen genutzt. <br><\/p>\n\n\n\n<p><\/p>\n\n\n\n<p><br> <br> <strong>Vorsitzende<\/strong><br> 1951-1955: Egon Baumann<br> 1955-1957: Dr. Hans Lurz<br> 1957-1961: Rolf Reiser<br> 1961-1963: Albert Junk<br> 1963-1967: Walter Kessler<br> 1967-1977: Johann Gunesch<br> 1977-1989: Uwe Maiterth<br> 1989-1993: Gottfried Schwarz<br> 1993-2008: J\u00fcrgen Scheiber<br> 2008-2016  Gottfried Schwarz<br> 2016 &#8211;     Helmut Schwarz <\/p>\n","protected":false},"excerpt":{"rendered":"<p>Die Gr\u00fcndung der Kreisgruppe Augsburg reicht in das Jahr 1951 zur\u00fcck. Egon Baumann gr\u00fcndete im November 1951 im Wirtshaus &#8222;Gr\u00fcner Baum&#8220; am Milchberg den Ortsverband Augsburg.In der Folgezeit war er mit dem Motorrad in vielen Orten des Bezirkes Schwaben unterwegs,&#8230; <a class=\"more-link\" href=\"https:\/\/kreisgruppe-augsburg.de\/?page_id=143\">Weiterlesen &rarr;<\/a><\/p>\n","protected":false},"author":1,"featured_media":0,"parent":0,"menu_order":0,"comment_status":"closed","ping_status":"closed","template":"","meta":{"ngg_post_thumbnail":0,"footnotes":""},"class_list":["post-143","page","type-page","status-publish","hentry"],"jetpack_sharing_enabled":true,"_links":{"self":[{"href":"https:\/\/kreisgruppe-augsburg.de\/index.php?rest_route=\/wp\/v2\/pages\/143","targetHints":{"allow":["GET"]}}],"collection":[{"href":"https:\/\/kreisgruppe-augsburg.de\/index.php?rest_route=\/wp\/v2\/pages"}],"about":[{"href":"https:\/\/kreisgruppe-augsburg.de\/index.php?rest_route=\/wp\/v2\/types\/page"}],"author":[{"embeddable":true,"href":"https:\/\/kreisgruppe-augsburg.de\/index.php?rest_route=\/wp\/v2\/users\/1"}],"replies":[{"embeddable":true,"href":"https:\/\/kreisgruppe-augsburg.de\/index.php?rest_route=%2Fwp%2Fv2%2Fcomments&post=143"}],"version-history":[{"count":4,"href":"https:\/\/kreisgruppe-augsburg.de\/index.php?rest_route=\/wp\/v2\/pages\/143\/revisions"}],"predecessor-version":[{"id":247,"href":"https:\/\/kreisgruppe-augsburg.de\/index.php?rest_route=\/wp\/v2\/pages\/143\/revisions\/247"}],"wp:attachment":[{"href":"https:\/\/kreisgruppe-augsburg.de\/index.php?rest_route=%2Fwp%2Fv2%2Fmedia&parent=143"}],"curies":[{"name":"wp","href":"https:\/\/api.w.org\/{rel}","templated":true}]}}