{"id":158,"date":"2026-01-09T11:53:21","date_gmt":"2026-01-09T11:53:21","guid":{"rendered":"http:\/\/kreisgruppe-augsburg.de\/?page_id=158"},"modified":"2026-04-09T14:32:28","modified_gmt":"2026-04-09T14:32:28","slug":"termine","status":"publish","type":"page","link":"https:\/\/kreisgruppe-augsburg.de\/?page_id=158","title":{"rendered":"Termine 2026"},"content":{"rendered":"\n<p><\/p>\n\n\n\n<div class=\"wp-block-columns is-layout-flex wp-container-core-columns-is-layout-9d6595d7 wp-block-columns-is-layout-flex\">\n<div class=\"wp-block-column is-layout-flow wp-block-column-is-layout-flow\" style=\"flex-basis:100%\">\n<div class=\"wp-block-group\"><div class=\"wp-block-group__inner-container is-layout-constrained wp-block-group-is-layout-constrained\">\n<div class=\"wp-block-group\"><div class=\"wp-block-group__inner-container is-layout-constrained wp-block-group-is-layout-constrained\">\n<div class=\"wp-block-columns is-layout-flex wp-container-core-columns-is-layout-9d6595d7 wp-block-columns-is-layout-flex\">\n<div class=\"wp-block-column is-layout-flow wp-block-column-is-layout-flow\" style=\"flex-basis:100%\">\n<figure class=\"wp-block-table is-style-regular\"><table class=\"has-white-background-color has-background\"><tbody><tr><td><\/td><td><\/td><td><\/td><td><\/td><td class=\"has-text-align-center\" data-align=\"center\"><\/td><\/tr><tr><td><\/td><td><\/td><td><\/td><td><\/td><td class=\"has-text-align-center\" data-align=\"center\"><\/td><\/tr><tr><td><\/td><td><\/td><td><\/td><td><\/td><td class=\"has-text-align-center\" data-align=\"center\"><\/td><\/tr><tr><td><\/td><td><\/td><td><\/td><td><strong>Jahreshauptversammlung<\/strong> der Kreisgruppe Augsburg mit <strong>Neuwahlen<\/strong> im Gemeindehaus Hlgst. Dreifaltigkeit<\/td><td class=\"has-text-align-center\" data-align=\"center\"><strong><strong>19. April 2026<\/strong><\/strong><\/td><\/tr><tr><td><\/td><td><\/td><td><\/td><td><strong>Muttertag \u2013 Gottesdienst und Ausstellung<\/strong><br>Am Sonntag, den 10. Mai, 10:00 Uhr, l\u00e4dt die Kreisgruppe Augsburg zum traditionellen Muttertag in die St. Andreas Kirche ein.<\/td><td class=\"has-text-align-center\" data-align=\"center\"><strong>10. Mai<br>2026<\/strong><\/td><\/tr><tr><td><\/td><td><\/td><td><\/td><td><strong>45-j\u00e4hriges Jubil\u00e4um des Siebenb\u00fcrger Chores Augsburg<\/strong> (geplant Gemeindehaus Hlgst. Dreifaltigkeit)<\/td><td class=\"has-text-align-center\" data-align=\"center\"><strong>21. Juni 2026<\/strong><\/td><\/tr><tr><td><\/td><td><\/td><td><\/td><td><strong>Kronenfest<\/strong> der Kreisgruppe im Pfarrgarten St. Andreas<\/td><td class=\"has-text-align-center\" data-align=\"center\"><strong>05. Juli 2026<\/strong><\/td><\/tr><tr><td><\/td><td><\/td><td><\/td><td><strong>75-j\u00e4hriges Jubil\u00e4um<\/strong> der Kreisgruppe Augsburg, anschlie\u00dfend Kathreinenball<\/td><td class=\"has-text-align-center\" data-align=\"center\"><strong>14. November 2026<\/strong><\/td><\/tr><tr><td><\/td><td><\/td><td><\/td><td><strong>Kathreinenball<\/strong> mit der Blaskapelle<\/td><td class=\"has-text-align-center\" data-align=\"center\"><strong><strong>21. November 2026<\/strong><\/strong><\/td><\/tr><tr><td><\/td><td><\/td><td><\/td><td><\/td><td class=\"has-text-align-center\" data-align=\"center\"><\/td><\/tr><tr><td><\/td><td><\/td><td><\/td><td><\/td><td class=\"has-text-align-center\" data-align=\"center\"><\/td><\/tr><tr><td><\/td><td><\/td><td><\/td><td><\/td><td class=\"has-text-align-center\" data-align=\"center\"><\/td><\/tr><tr><td><\/td><td><\/td><td><\/td><td><\/td><td class=\"has-text-align-center\" data-align=\"center\"><\/td><\/tr><tr><td><\/td><td><\/td><td><\/td><td><\/td><td class=\"has-text-align-center\" data-align=\"center\"><\/td><\/tr><\/tbody><\/table><\/figure>\n<\/div>\n<\/div>\n<\/div><\/div>\n<\/div><\/div>\n\n\n\n\n\n<p><\/p>\n<\/div>\n<\/div>\n\n\n\n<p>   <strong>                                                                    <\/strong><\/p>\n\n\n\n<p><\/p>\n\n\n\n<div class=\"wp-block-columns is-layout-flex wp-container-core-columns-is-layout-9d6595d7 wp-block-columns-is-layout-flex\">\n<div class=\"wp-block-column is-layout-flow wp-block-column-is-layout-flow\"><\/div>\n\n\n\n<div class=\"wp-block-column is-layout-flow wp-block-column-is-layout-flow\"><\/div>\n<\/div>\n\n\n\n<p><\/p>\n","protected":false},"excerpt":{"rendered":"<p>Jahreshauptversammlung der Kreisgruppe Augsburg mit Neuwahlen im Gemeindehaus Hlgst. Dreifaltigkeit 19. April 2026 Muttertag \u2013 Gottesdienst und AusstellungAm Sonntag, den 10. Mai, 10:00 Uhr, l\u00e4dt die Kreisgruppe Augsburg zum traditionellen Muttertag in die St. Andreas Kirche ein. 10. Mai2026 45-j\u00e4hriges&#8230; <a class=\"more-link\" href=\"https:\/\/kreisgruppe-augsburg.de\/?page_id=158\">Weiterlesen &rarr;<\/a><\/p>\n","protected":false},"author":3,"featured_media":0,"parent":0,"menu_order":3,"comment_status":"closed","ping_status":"closed","template":"","meta":{"ngg_post_thumbnail":0,"footnotes":""},"class_list":["post-158","page","type-page","status-publish","hentry"],"jetpack_sharing_enabled":true,"_links":{"self":[{"href":"https:\/\/kreisgruppe-augsburg.de\/index.php?rest_route=\/wp\/v2\/pages\/158","targetHints":{"allow":["GET"]}}],"collection":[{"href":"https:\/\/kreisgruppe-augsburg.de\/index.php?rest_route=\/wp\/v2\/pages"}],"about":[{"href":"https:\/\/kreisgruppe-augsburg.de\/index.php?rest_route=\/wp\/v2\/types\/page"}],"author":[{"embeddable":true,"href":"https:\/\/kreisgruppe-augsburg.de\/index.php?rest_route=\/wp\/v2\/users\/3"}],"replies":[{"embeddable":true,"href":"https:\/\/kreisgruppe-augsburg.de\/index.php?rest_route=%2Fwp%2Fv2%2Fcomments&post=158"}],"version-history":[{"count":54,"href":"https:\/\/kreisgruppe-augsburg.de\/index.php?rest_route=\/wp\/v2\/pages\/158\/revisions"}],"predecessor-version":[{"id":1361,"href":"https:\/\/kreisgruppe-augsburg.de\/index.php?rest_route=\/wp\/v2\/pages\/158\/revisions\/1361"}],"wp:attachment":[{"href":"https:\/\/kreisgruppe-augsburg.de\/index.php?rest_route=%2Fwp%2Fv2%2Fmedia&parent=158"}],"curies":[{"name":"wp","href":"https:\/\/api.w.org\/{rel}","templated":true}]}}