{"id":181,"date":"2020-03-07T09:58:21","date_gmt":"2020-03-07T09:58:21","guid":{"rendered":"http:\/\/kreisgruppe-augsburg.de\/?page_id=181"},"modified":"2024-07-05T17:15:42","modified_gmt":"2024-07-05T17:15:42","slug":"theatergruppe","status":"publish","type":"page","link":"https:\/\/kreisgruppe-augsburg.de\/?page_id=181","title":{"rendered":"Theatergruppe"},"content":{"rendered":"\n<p><strong>Siebenb\u00fcrgisch<\/strong><strong>-s\u00e4chsische<\/strong><strong> Theatergruppe Augsburg<\/strong>&nbsp;<\/p>\n\n\n\n<p>Die \u201eSiebenb\u00fcrgisch-s\u00e4chsische Theatergruppe Augsburg\u201c wurde 1989 von Maria Schenker gegr\u00fcndet und seither erfolgreich geleitet. Die Mitglieder stammen aus verschiedenen siebenb\u00fcrgischen Ortschaften, vom Schulkind bis zum Senior und geh\u00f6ren unterschiedlichen Berufsgruppen an.&nbsp;<\/p>\n\n\n\n<p>Die generations\u00fcbergreifende Zusammenarbeit und die gegenseitige Hilfestellung, \u00e4hnlich wie in einem Familienverbund, sind das Erfolgsrezept der 30-j\u00e4hrigen Kontinuit\u00e4t dieser Theatergruppe. Garant daf\u00fcr ist das profunde Wissen des siebenb\u00fcrgisch s\u00e4chsischen Brauchtums- und der Trachtenpflege von Maria Schenker.&nbsp;<\/p>\n\n\n\n<figure class=\"wp-block-image size-large is-style-default\"><img loading=\"lazy\" decoding=\"async\" width=\"1024\" height=\"683\" src=\"https:\/\/kreisgruppe-augsburg.de\/wp-content\/uploads\/2021\/01\/DSC_0671-1-1024x683.jpg\" alt=\"\" class=\"wp-image-474\" srcset=\"https:\/\/kreisgruppe-augsburg.de\/wp-content\/uploads\/2021\/01\/DSC_0671-1-1024x683.jpg 1024w, https:\/\/kreisgruppe-augsburg.de\/wp-content\/uploads\/2021\/01\/DSC_0671-1-300x200.jpg 300w, https:\/\/kreisgruppe-augsburg.de\/wp-content\/uploads\/2021\/01\/DSC_0671-1-768x512.jpg 768w, https:\/\/kreisgruppe-augsburg.de\/wp-content\/uploads\/2021\/01\/DSC_0671-1-2048x1365.jpg 2048w, https:\/\/kreisgruppe-augsburg.de\/wp-content\/uploads\/2021\/01\/DSC_0671-1-600x400.jpg 600w, https:\/\/kreisgruppe-augsburg.de\/wp-content\/uploads\/2021\/01\/DSC_0671-1-945x630.jpg 945w\" sizes=\"auto, (max-width: 1024px) 100vw, 1024px\" \/><\/figure>\n\n\n\n<p>Seit Beginn ist die Freude und der Erhalt des Laienspiels in Mundart, dem siebenb\u00fcrgisch s\u00e4chsischem Dialekt und Liedgut, der Brauchtums- und Trachtenpflege, das Ziel der Gruppe. In den nun 30 Jahren seit Bestehen der Theatergruppe waren es ca. 140 begeisterte Landsleute, die sich diesem angenehmen Zeitvertreib mit Leidenschaft verschrieben haben.&nbsp;<\/p>\n\n\n\n<p>Das Theaterst\u00fcck &#8222;De Breokt vun Urbijen&#8220;, Verfasser unbekannt, wurde ab 1995 \u00fcber 20 mal erfolgreich aufgef\u00fchrt und brachte der \u201eSiebenb\u00fcrgisch-s\u00e4chsischen Theatergruppe Augsburg\u201c viel Anerkennung in der Zeit ihres 30-j\u00e4hrigen Bestehens. Gratulation.&nbsp;<\/p>\n\n\n\n<p>Die Siebenb\u00fcrgisch-s\u00e4chsische Theatergruppe Augsburg begeisterte ihr Publikum bei 141 Vorstellungen von Augsburg bis Berlin und bei Gastspielreisen nach Siebenb\u00fcrgen mit mehreren Auftritten.&nbsp;<\/p>\n\n\n\n<figure class=\"wp-block-image size-large is-style-default\"><img loading=\"lazy\" decoding=\"async\" width=\"1024\" height=\"683\" src=\"https:\/\/kreisgruppe-augsburg.de\/wp-content\/uploads\/2021\/01\/DSC_0783-1024x683.jpg\" alt=\"\" class=\"wp-image-475\" srcset=\"https:\/\/kreisgruppe-augsburg.de\/wp-content\/uploads\/2021\/01\/DSC_0783-1024x683.jpg 1024w, https:\/\/kreisgruppe-augsburg.de\/wp-content\/uploads\/2021\/01\/DSC_0783-300x200.jpg 300w, https:\/\/kreisgruppe-augsburg.de\/wp-content\/uploads\/2021\/01\/DSC_0783-768x512.jpg 768w, https:\/\/kreisgruppe-augsburg.de\/wp-content\/uploads\/2021\/01\/DSC_0783-2048x1365.jpg 2048w, https:\/\/kreisgruppe-augsburg.de\/wp-content\/uploads\/2021\/01\/DSC_0783-600x400.jpg 600w\" sizes=\"auto, (max-width: 1024px) 100vw, 1024px\" \/><\/figure>\n\n\n\n<p>&#8211; 2007 Er\u00f6ffnung der Siebenb\u00fcrgisch-S\u00e4chsischen Kulturwoche im Rahmen der Feierlichkeiten \u201eHermannstadt, europ\u00e4ische Kulturhauptstadt\u201c und einem Auftritt in Petersberg bei Kronstadt&nbsp;<\/p>\n\n\n\n<p>&#8211; 2012 Gastgruppe beim \u201egro\u00dfen Sachsentreffen in Birth\u00e4lm\u201c nachher Auftritte in Agnetheln, im Carl Wolf Altenheim und \u201eHermania\u201c&nbsp; in Hermannstadt&nbsp;&nbsp;&nbsp;<\/p>\n\n\n\n<p>&#8211; 2015 Beitr\u00e4ge beim Sachsentreffen in Mediasch, Hermannstadt und Wolkendorf im Burzenland&nbsp;<\/p>\n\n\n\n<p>Zum Repertoire der Theatergruppe&nbsp; geh\u00f6ren Theaterst\u00fccke und Sketche von siebenb\u00fcrgisch s\u00e4chsischen Mundartautoren, wie Anna Schuller-Schullerus, Otto Reich, Hans Liehnert, Maria Haydl, Heinrich E. Bretz, Dr. Egon Machat, Grete Liehnert-Zultner und Frida Binder-Radler und auch anonymen Schreibern, die teilweise von Maria Schenker \u00fcberarbeitet und oder in Mundart bearbeitet wurden.&nbsp;&nbsp;<\/p>\n\n\n\n<figure class=\"wp-block-image size-large\"><img loading=\"lazy\" decoding=\"async\" width=\"1024\" height=\"683\" src=\"https:\/\/kreisgruppe-augsburg.de\/wp-content\/uploads\/2021\/01\/18.01.2020-Theatergruppenjubilaeum2-1024x683.jpg\" alt=\"\" class=\"wp-image-411\" srcset=\"https:\/\/kreisgruppe-augsburg.de\/wp-content\/uploads\/2021\/01\/18.01.2020-Theatergruppenjubilaeum2-1024x683.jpg 1024w, https:\/\/kreisgruppe-augsburg.de\/wp-content\/uploads\/2021\/01\/18.01.2020-Theatergruppenjubilaeum2-300x200.jpg 300w, https:\/\/kreisgruppe-augsburg.de\/wp-content\/uploads\/2021\/01\/18.01.2020-Theatergruppenjubilaeum2-768x512.jpg 768w, https:\/\/kreisgruppe-augsburg.de\/wp-content\/uploads\/2021\/01\/18.01.2020-Theatergruppenjubilaeum2-2048x1365.jpg 2048w, https:\/\/kreisgruppe-augsburg.de\/wp-content\/uploads\/2021\/01\/18.01.2020-Theatergruppenjubilaeum2-600x400.jpg 600w, https:\/\/kreisgruppe-augsburg.de\/wp-content\/uploads\/2021\/01\/18.01.2020-Theatergruppenjubilaeum2-945x630.jpg 945w\" sizes=\"auto, (max-width: 1024px) 100vw, 1024px\" \/><figcaption class=\"wp-element-caption\">18.01.2020 Theatergruppenjubil\u00e4um<\/figcaption><\/figure>\n\n\n\n<p>Das Singspiel \u201eB\u00e4m Br\u00e4nnchen\u201c, von Grete Lienert-Zultner, wurde von der Siebenb\u00fcrgischen Jugend in Deutschland (SJD) 2016 am Heimattag der Siebenb\u00fcrger Sachsen in Dinkelsb\u00fchl und 2017 w\u00e4hrend dem \u201eSachsentreffen in Hermannstadt\u201c, in der Bruckenthal\u00b4schen Sommerresidenz in Freck, unter der Regie von Maria Schenker aufgef\u00fchrt. Unterst\u00fctzt wurden beide Veranstaltungen von den r\u00fchrigen Helfern im Hintergrund der Augsburger Theatergruppe. F\u00fcr die Organisation beider Veranstaltungen war Ute Bako verantwortlich.&nbsp;<\/p>\n\n\n\n<p>F\u00fcr ihren unerm\u00fcdlichen Einsatz und Anerkennung ihrer Leistung wurde Maria Schenker anl\u00e4sslich der 25-j\u00e4hrigen Jubil\u00e4umsfeier am 17.01.2015 im Kolping Saal in Augsburg mit dem Siebenb\u00fcrgisch-S\u00e4chsischem Verdienstabzeichen \u201ePro Meritis\u201c des Verbandes der Siebenb\u00fcrger Sachsen in Deutschland e. V. ausgezeichnet.&nbsp;<\/p>\n\n\n\n<p>Am 18.01.2020 wurde im Beisein von vielen G\u00e4sten im Barbarasaal Augsburg das 30-j\u00e4hrige Jubil\u00e4um der Theatergruppe Augsburg geb\u00fchrend gefeiert (siehe SbZ vom 25.02.2020)&nbsp;<\/p>\n\n\n\n<figure class=\"wp-block-image size-large is-style-default\"><img decoding=\"async\" src=\"https:\/\/kreisgruppe-augsburg.de\/wp-content\/uploads\/2021\/01\/DSC_0894.jpg\" alt=\"\" class=\"wp-image-477\"\/><\/figure>\n\n\n\n<p>2022 gestaltete die Theatergruppe die Haferlandwoche in Siebenb\u00fcrgen mit und gratulierte mit dem St\u00fcck: &#8222;Zimmer zu vermieten&#8220; zum 20-j\u00e4hrigen Jubil\u00e4um des Da Capo Chores.<\/p>\n\n\n\n<p><strong>Die Proben finden dienstags, ab 18:00 Uhr, im Haus der Begegnung, Bl\u00fccherstra\u00dfe 89, 86165 Augsburg, statt.<\/strong>\u00a0<\/p>\n","protected":false},"excerpt":{"rendered":"<p>Siebenb\u00fcrgisch-s\u00e4chsische Theatergruppe Augsburg&nbsp; Die \u201eSiebenb\u00fcrgisch-s\u00e4chsische Theatergruppe Augsburg\u201c wurde 1989 von Maria Schenker gegr\u00fcndet und seither erfolgreich geleitet. Die Mitglieder stammen aus verschiedenen siebenb\u00fcrgischen Ortschaften, vom Schulkind bis zum Senior und geh\u00f6ren unterschiedlichen Berufsgruppen an.&nbsp; Die generations\u00fcbergreifende Zusammenarbeit und die gegenseitige&#8230; <a class=\"more-link\" href=\"https:\/\/kreisgruppe-augsburg.de\/?page_id=181\">Weiterlesen &rarr;<\/a><\/p>\n","protected":false},"author":1,"featured_media":471,"parent":152,"menu_order":0,"comment_status":"closed","ping_status":"closed","template":"","meta":{"ngg_post_thumbnail":0,"footnotes":""},"class_list":["post-181","page","type-page","status-publish","has-post-thumbnail","hentry"],"jetpack_sharing_enabled":true,"_links":{"self":[{"href":"https:\/\/kreisgruppe-augsburg.de\/index.php?rest_route=\/wp\/v2\/pages\/181","targetHints":{"allow":["GET"]}}],"collection":[{"href":"https:\/\/kreisgruppe-augsburg.de\/index.php?rest_route=\/wp\/v2\/pages"}],"about":[{"href":"https:\/\/kreisgruppe-augsburg.de\/index.php?rest_route=\/wp\/v2\/types\/page"}],"author":[{"embeddable":true,"href":"https:\/\/kreisgruppe-augsburg.de\/index.php?rest_route=\/wp\/v2\/users\/1"}],"replies":[{"embeddable":true,"href":"https:\/\/kreisgruppe-augsburg.de\/index.php?rest_route=%2Fwp%2Fv2%2Fcomments&post=181"}],"version-history":[{"count":11,"href":"https:\/\/kreisgruppe-augsburg.de\/index.php?rest_route=\/wp\/v2\/pages\/181\/revisions"}],"predecessor-version":[{"id":1195,"href":"https:\/\/kreisgruppe-augsburg.de\/index.php?rest_route=\/wp\/v2\/pages\/181\/revisions\/1195"}],"up":[{"embeddable":true,"href":"https:\/\/kreisgruppe-augsburg.de\/index.php?rest_route=\/wp\/v2\/pages\/152"}],"wp:featuredmedia":[{"embeddable":true,"href":"https:\/\/kreisgruppe-augsburg.de\/index.php?rest_route=\/wp\/v2\/media\/471"}],"wp:attachment":[{"href":"https:\/\/kreisgruppe-augsburg.de\/index.php?rest_route=%2Fwp%2Fv2%2Fmedia&parent=181"}],"curies":[{"name":"wp","href":"https:\/\/api.w.org\/{rel}","templated":true}]}}