{"id":189,"date":"2020-03-07T09:59:34","date_gmt":"2020-03-07T09:59:34","guid":{"rendered":"http:\/\/kreisgruppe-augsburg.de\/?page_id=189"},"modified":"2020-08-31T16:54:14","modified_gmt":"2020-08-31T16:54:14","slug":"blaskapelle","status":"publish","type":"page","link":"https:\/\/kreisgruppe-augsburg.de\/?page_id=189","title":{"rendered":"Blaskapelle"},"content":{"rendered":"\n<p>Siebenb\u00fcrger Blaskapelle Augsburg e.V.&nbsp;<\/p>\n\n\n\n<p>Bedingt durch die massenhafte Auswanderung der Siebenb\u00fcrger Sachsen aus Siebenb\u00fcrgen, konnte die Kreisgruppe Augsburg der Landsmannschaft der Siebenb\u00fcrger Sachsen, ab 1990 einen sp\u00fcrbaren Zuwachs an Mitgliedern verzeichnen. Der damalige Vorsitzende Gottfried Schwarz erkannte die Zeichen der Zeit.&nbsp;&nbsp;<\/p>\n\n\n\n<p>Im Jahre 1991 fand sich dann durch die Mithilfe der g\u00fcnstigen, vorhandenen Gegebenheiten in Augsburg die M\u00f6glichkeit, Johann Rheindt und Horst Wonner bei der Gr\u00fcndung der Siebenb\u00fcrgischen Blaskapelle Augsburg tatkr\u00e4ftig zu unterst\u00fctzen.&nbsp;&nbsp;<\/p>\n\n\n\n<p>Johann Rheindt \u00fcbernahm die musikalische Leitung der anfangs 15 Mitglieder w\u00e4hrend Horst Wonner f\u00fcr die Notenbeschaffung sorgte. Die ersten Instrumente waren vorhanden, weitere wurden aus Siebenb\u00fcrgen gebracht oder mit finanzieller Unterst\u00fctzung der Kreisgruppe Augsburg dazu gekauft.\u00a0\u00a0\u00a0\u00a0\u00a0\u00a0\u00a0\u00a0\u00a0\u00a0\u00a0\u00a0\u00a0<\/p>\n\n\n\n<p>Nach wenigen Proben war der erste Auftritt angesagt, eine Feier der Kreisgruppe bot die Gelegenheit das Publikum mit einer neuen Kapelle zu \u00fcberraschen.&nbsp;<\/p>\n\n\n\n<p>1992 \u00fcbergab Johann Rheindt den Dirigentenstab an Horst Wonner, 2003 folgte Helmuth Kraus, 2007 Roland A. K\u00fchnl und seit 2013 dirigiert Siegfried Krempels die Kapelle.&nbsp;<\/p>\n\n\n\n<p>Schon 1994 wurde zus\u00e4tzlich zur musikalischen Leitung ein Vorstand gew\u00e4hlt. Hermann Teutsch war erster Vorsitzender und f\u00fchrte dieses Amt bis zu seinem fr\u00fchen Tod 2006. Gerhard Weber \u00fcbernahm dieses Amt als Vorsitzender und f\u00fchrt die Geschicke der Blaskapelle bis heute weiter.&nbsp;<\/p>\n\n\n\n<p>Im Laufe der bald drei Jahrzehnte begleitet die Siebenb\u00fcrgische Blaskapelle Augsburg (SBA) die kulturellen Auftritte der Kreisgruppe und weit dar\u00fcber hinaus. Mai- und Feuerwehrfeste, Trachtenumz\u00fcge zum Pl\u00e4rrer in Augsburg und den Heimattagen in Dinkelsb\u00fchl, Kronenfeste, musikalische Begleitung in Gottesdiensten u.v.m.&nbsp;<\/p>\n\n\n\n<p>Erste Auslandreisen z\u00e4hlten zu den H\u00f6hepunkten. 1995 die Mitwirkung bei der 200-Jahr Feier in Heviz\/Ungarn, die Einladung zum 50-j\u00e4rigen Jubil\u00e4um der Blaskapelle Munderfing\/\u00d6sterreich, das Jahreskonzert der Stuttgarter Blaskapelle, 1998 Auftritt beim Oktoberfestumzug in M\u00fcnchen.&nbsp;<\/p>\n\n\n\n<p>Unvergessen bleibt der Besuch der Kulturgruppe aus Younstown\/Ohio-USA und des &#8222;Deutschen Musikvereins&#8220; Cleveland\/Ohio-USA in Augsburg.&nbsp;<\/p>\n\n\n\n<p>Einen besonderen Stellenwert hatte die Reise 2007 nach Hermannstadt. Dort durfte die Siebenb\u00fcrger Blaskapelle Augsburg die Er\u00f6ffnung der Feierlichkeiten \u201eHermannstadt \u2013 europ\u00e4ische Kulturhauptstadt 2007\u201c im Thalia Theater musikalisch umrahmen.\u00a0<\/p>\n\n\n\n<p>Die Blaskapelle ist seit 2008 als eingetragener Verein \u201eSiebenb\u00fcrger Blaskapelle Augsburg e.V.\u201c organisiert und ist Mitglied im Verband der Siebenb\u00fcrger Sachsen in Deutschland e.V. und im Allg\u00e4u-Schw\u00e4bischem- Musikbund (ASM).&nbsp;<\/p>\n\n\n\n<p>Die Musiker proben jeden Freitag von 19-22 Uhr im Proberaum der Pfarrkirche Heiligste Dreifaltigkeit in Augsburg-Kriegshaber.&nbsp;&nbsp;<\/p>\n\n\n\n<p>Kontakt:<\/p>\n\n\n\n<p><a href=\"http:\/\/www.siebenbuerger-blaskapelle-augsburg.de\" target=\"_blank\" rel=\"noreferrer noopener\">www.siebenbuerger-blaskapelle-augsburg.de<\/a>&nbsp;<\/p>\n\n\n\n<p><a href=\"https:\/\/de-de.facebook.com\/SBAugsburg\/\" target=\"_blank\" rel=\"noreferrer noopener\">https:\/\/de-de.facebook.com\/SBAugsburg\/<\/a><\/p>\n","protected":false},"excerpt":{"rendered":"<p>Siebenb\u00fcrger Blaskapelle Augsburg e.V.&nbsp; Bedingt durch die massenhafte Auswanderung der Siebenb\u00fcrger Sachsen aus Siebenb\u00fcrgen, konnte die Kreisgruppe Augsburg der Landsmannschaft der Siebenb\u00fcrger Sachsen, ab 1990 einen sp\u00fcrbaren Zuwachs an Mitgliedern verzeichnen. Der damalige Vorsitzende Gottfried Schwarz erkannte die Zeichen der&#8230; <a class=\"more-link\" href=\"https:\/\/kreisgruppe-augsburg.de\/?page_id=189\">Weiterlesen &rarr;<\/a><\/p>\n","protected":false},"author":1,"featured_media":0,"parent":152,"menu_order":0,"comment_status":"closed","ping_status":"closed","template":"","meta":{"ngg_post_thumbnail":0,"footnotes":""},"class_list":["post-189","page","type-page","status-publish","hentry"],"jetpack_sharing_enabled":true,"_links":{"self":[{"href":"https:\/\/kreisgruppe-augsburg.de\/index.php?rest_route=\/wp\/v2\/pages\/189","targetHints":{"allow":["GET"]}}],"collection":[{"href":"https:\/\/kreisgruppe-augsburg.de\/index.php?rest_route=\/wp\/v2\/pages"}],"about":[{"href":"https:\/\/kreisgruppe-augsburg.de\/index.php?rest_route=\/wp\/v2\/types\/page"}],"author":[{"embeddable":true,"href":"https:\/\/kreisgruppe-augsburg.de\/index.php?rest_route=\/wp\/v2\/users\/1"}],"replies":[{"embeddable":true,"href":"https:\/\/kreisgruppe-augsburg.de\/index.php?rest_route=%2Fwp%2Fv2%2Fcomments&post=189"}],"version-history":[{"count":5,"href":"https:\/\/kreisgruppe-augsburg.de\/index.php?rest_route=\/wp\/v2\/pages\/189\/revisions"}],"predecessor-version":[{"id":281,"href":"https:\/\/kreisgruppe-augsburg.de\/index.php?rest_route=\/wp\/v2\/pages\/189\/revisions\/281"}],"up":[{"embeddable":true,"href":"https:\/\/kreisgruppe-augsburg.de\/index.php?rest_route=\/wp\/v2\/pages\/152"}],"wp:attachment":[{"href":"https:\/\/kreisgruppe-augsburg.de\/index.php?rest_route=%2Fwp%2Fv2%2Fmedia&parent=189"}],"curies":[{"name":"wp","href":"https:\/\/api.w.org\/{rel}","templated":true}]}}