{"id":191,"date":"2020-03-07T09:59:47","date_gmt":"2020-03-07T09:59:47","guid":{"rendered":"http:\/\/kreisgruppe-augsburg.de\/?page_id=191"},"modified":"2021-01-18T16:24:06","modified_gmt":"2021-01-18T16:24:06","slug":"seniorenkreis","status":"publish","type":"page","link":"https:\/\/kreisgruppe-augsburg.de\/?page_id=191","title":{"rendered":"Seniorenkreis Augsburg"},"content":{"rendered":"\n<p>In den fr\u00fchen 80er Jahren reifte bei Pfr. i.R. Friedrich Maiterth der Gedanke, die im Stadt- und Landgebiet Augsburg verstreut lebenden, \u00e4lteren Siebenb\u00fcrger zusammen zu f\u00fchren um einmal im Monat gemeinsam sch\u00f6ne Stunden zu verbringen. Anlaufpunkt waren die in der St. Johannes Kirche in Augsburg-Oberhausen von Pfr. Maiterth gehaltenen Gottesdienste nach siebenb\u00fcrgischer Liturgie.&nbsp;&nbsp;<\/p>\n\n\n\n<figure class=\"wp-block-image size-large is-style-default\"><img loading=\"lazy\" decoding=\"async\" width=\"1024\" height=\"768\" src=\"https:\/\/kreisgruppe-augsburg.de\/wp-content\/uploads\/2021\/01\/Helferteam-Erntedank-2019-1024x768.jpg\" alt=\"\" class=\"wp-image-400\" srcset=\"https:\/\/kreisgruppe-augsburg.de\/wp-content\/uploads\/2021\/01\/Helferteam-Erntedank-2019-1024x768.jpg 1024w, https:\/\/kreisgruppe-augsburg.de\/wp-content\/uploads\/2021\/01\/Helferteam-Erntedank-2019-300x225.jpg 300w, https:\/\/kreisgruppe-augsburg.de\/wp-content\/uploads\/2021\/01\/Helferteam-Erntedank-2019-768x576.jpg 768w, https:\/\/kreisgruppe-augsburg.de\/wp-content\/uploads\/2021\/01\/Helferteam-Erntedank-2019-1536x1152.jpg 1536w, https:\/\/kreisgruppe-augsburg.de\/wp-content\/uploads\/2021\/01\/Helferteam-Erntedank-2019-2048x1536.jpg 2048w, https:\/\/kreisgruppe-augsburg.de\/wp-content\/uploads\/2021\/01\/Helferteam-Erntedank-2019-600x450.jpg 600w, https:\/\/kreisgruppe-augsburg.de\/wp-content\/uploads\/2021\/01\/Helferteam-Erntedank-2019-945x709.jpg 945w\" sizes=\"auto, (max-width: 1024px) 100vw, 1024px\" \/><figcaption>Helferteam Erntedank 2019<\/figcaption><\/figure>\n\n\n\n<p>1984 war es dann soweit, dass mit Unterst\u00fctzung des Vorstandes der Kreisgruppe Augsburg, Uwe und Hannelore Maiterth die M\u00f6glichkeit fanden, im Gemeindesaal der Auferstehungskirche in Augsburg-Hochzoll die gemeinsamen Stunden zu verbringen. Von Beginn an stand ein Helferteam dem Leiter des Seniorenkreises zur Verf\u00fcgung, das f\u00fcr die Organisation zeichnete. Erna Szilagyi war die r\u00fchrige Frau die von 1990 bis 2015 den Ablauf mit vielen freiwilligen Helferinnen und Helfern federf\u00fchrend von ihren Vorg\u00e4ngern, Berta Ludwig, Johann Gunesch und Erhard Klein \u00fcbernahm. Pfr. Maiterth war f\u00fcr die inhaltliche Gestaltung \u2013 mit Lesungen, gemeinsamen Musizieren, Dia-Vortr\u00e4gen, bis hin zu Tagesfahrten und kleinen und gr\u00f6\u00dferen Reisen zust\u00e4ndig.&nbsp;&nbsp;<\/p>\n\n\n\n<figure class=\"wp-block-image size-large is-style-default\"><img loading=\"lazy\" decoding=\"async\" width=\"1024\" height=\"768\" src=\"https:\/\/kreisgruppe-augsburg.de\/wp-content\/uploads\/2021\/01\/Jubilaeumsfeier-Maerz-2020-1024x768.jpg\" alt=\"\" class=\"wp-image-403\" srcset=\"https:\/\/kreisgruppe-augsburg.de\/wp-content\/uploads\/2021\/01\/Jubilaeumsfeier-Maerz-2020-1024x768.jpg 1024w, https:\/\/kreisgruppe-augsburg.de\/wp-content\/uploads\/2021\/01\/Jubilaeumsfeier-Maerz-2020-300x225.jpg 300w, https:\/\/kreisgruppe-augsburg.de\/wp-content\/uploads\/2021\/01\/Jubilaeumsfeier-Maerz-2020-768x576.jpg 768w, https:\/\/kreisgruppe-augsburg.de\/wp-content\/uploads\/2021\/01\/Jubilaeumsfeier-Maerz-2020-1536x1152.jpg 1536w, https:\/\/kreisgruppe-augsburg.de\/wp-content\/uploads\/2021\/01\/Jubilaeumsfeier-Maerz-2020-600x450.jpg 600w, https:\/\/kreisgruppe-augsburg.de\/wp-content\/uploads\/2021\/01\/Jubilaeumsfeier-Maerz-2020-945x709.jpg 945w, https:\/\/kreisgruppe-augsburg.de\/wp-content\/uploads\/2021\/01\/Jubilaeumsfeier-Maerz-2020.jpg 1600w\" sizes=\"auto, (max-width: 1024px) 100vw, 1024px\" \/><figcaption>Jubil\u00e4umsfeier M\u00e4rz 2020<\/figcaption><\/figure>\n\n\n\n<p>Waren es 1984 zwischen&nbsp; 20-40 Mitglieder, die den Seniorenkreis monatlich besuchten, sind es heute bis zu 150 begeisterte Teilnehmer. Wolfgang Binder \u00fcbernahm 2007 die Stafette von Pfr. Maiterth und \u00fcberreichte diese 2014 dann an Josef Vetro. Katharina Rill unterst\u00fctzte die Verantwortlichen bei der Durchf\u00fchrung der Reisen im Laufe der Zeit. Im Januar 2018 \u00fcberbr\u00fcckte Katharina Rill die durch den Todesfall von Josef Vetro entstandene Vakanz.&nbsp;&nbsp;<\/p>\n\n\n\n<p>Seit 2015 sind Erika und Helmut Gohn mit einem Team f\u00fcr den hauswirtschaftlichen Bereich zust\u00e4ndig und bew\u00e4ltigen die Anforderungen mit Bravour.&nbsp;<\/p>\n\n\n\n<p>Im Januar 2019 \u00fcbernahmen Hannelore und J\u00fcrgen Scheiber die Gestaltung des Seniorenkreises. Vor- und Nachbesprechungen werden in enger Zusammenarbeit mit dem Hauswirtschaftsteam erledigt.&nbsp;&nbsp;<\/p>\n\n\n\n<figure class=\"wp-block-image size-large is-style-default\"><img loading=\"lazy\" decoding=\"async\" width=\"1024\" height=\"768\" src=\"https:\/\/kreisgruppe-augsburg.de\/wp-content\/uploads\/2021\/01\/Helferteam-Fasching-2020-1024x768.jpg\" alt=\"\" class=\"wp-image-401\" srcset=\"https:\/\/kreisgruppe-augsburg.de\/wp-content\/uploads\/2021\/01\/Helferteam-Fasching-2020-1024x768.jpg 1024w, https:\/\/kreisgruppe-augsburg.de\/wp-content\/uploads\/2021\/01\/Helferteam-Fasching-2020-300x225.jpg 300w, https:\/\/kreisgruppe-augsburg.de\/wp-content\/uploads\/2021\/01\/Helferteam-Fasching-2020-768x576.jpg 768w, https:\/\/kreisgruppe-augsburg.de\/wp-content\/uploads\/2021\/01\/Helferteam-Fasching-2020-1536x1152.jpg 1536w, https:\/\/kreisgruppe-augsburg.de\/wp-content\/uploads\/2021\/01\/Helferteam-Fasching-2020-2048x1536.jpg 2048w, https:\/\/kreisgruppe-augsburg.de\/wp-content\/uploads\/2021\/01\/Helferteam-Fasching-2020-600x450.jpg 600w, https:\/\/kreisgruppe-augsburg.de\/wp-content\/uploads\/2021\/01\/Helferteam-Fasching-2020-945x709.jpg 945w\" sizes=\"auto, (max-width: 1024px) 100vw, 1024px\" \/><figcaption>Helferteam Fasching 2020<\/figcaption><\/figure>\n\n\n\n<p>Am 10.03.2020 konnte, kurz vor der Corona-Pandemie, mit 150 G\u00e4sten ein gelungenes Fest zum 35-j\u00e4hrigen Bestehen gefeiert werden (siehe Artikel in der SbZ vom 15.04.2020).&nbsp;<\/p>\n\n\n\n<p>Jeden zweiten Dienstag im Monat (ausgenommen im August) finden in der \u201eKirche Heiligste Dreifaltigkeit\u201c in Augsburg-Kriegshaber, Ulmer Str. 199, die monatlichen Seniorentreffen statt.&nbsp;<\/p>\n\n\n\n<figure class=\"wp-block-image size-large is-style-default\"><img loading=\"lazy\" decoding=\"async\" width=\"1024\" height=\"768\" src=\"https:\/\/kreisgruppe-augsburg.de\/wp-content\/uploads\/2021\/01\/Jubilaeumsfeier-03.2020-Eichner-Scheiber-Szilagyi-1024x768.jpg\" alt=\"\" class=\"wp-image-402\" srcset=\"https:\/\/kreisgruppe-augsburg.de\/wp-content\/uploads\/2021\/01\/Jubilaeumsfeier-03.2020-Eichner-Scheiber-Szilagyi-1024x768.jpg 1024w, https:\/\/kreisgruppe-augsburg.de\/wp-content\/uploads\/2021\/01\/Jubilaeumsfeier-03.2020-Eichner-Scheiber-Szilagyi-300x225.jpg 300w, https:\/\/kreisgruppe-augsburg.de\/wp-content\/uploads\/2021\/01\/Jubilaeumsfeier-03.2020-Eichner-Scheiber-Szilagyi-768x576.jpg 768w, https:\/\/kreisgruppe-augsburg.de\/wp-content\/uploads\/2021\/01\/Jubilaeumsfeier-03.2020-Eichner-Scheiber-Szilagyi-1536x1152.jpg 1536w, https:\/\/kreisgruppe-augsburg.de\/wp-content\/uploads\/2021\/01\/Jubilaeumsfeier-03.2020-Eichner-Scheiber-Szilagyi-2048x1536.jpg 2048w, https:\/\/kreisgruppe-augsburg.de\/wp-content\/uploads\/2021\/01\/Jubilaeumsfeier-03.2020-Eichner-Scheiber-Szilagyi-600x450.jpg 600w, https:\/\/kreisgruppe-augsburg.de\/wp-content\/uploads\/2021\/01\/Jubilaeumsfeier-03.2020-Eichner-Scheiber-Szilagyi-945x709.jpg 945w\" sizes=\"auto, (max-width: 1024px) 100vw, 1024px\" \/><figcaption>Jubil\u00e4umsfeier M\u00e4rz 2020<\/figcaption><\/figure>\n","protected":false},"excerpt":{"rendered":"<p>In den fr\u00fchen 80er Jahren reifte bei Pfr. i.R. Friedrich Maiterth der Gedanke, die im Stadt- und Landgebiet Augsburg verstreut lebenden, \u00e4lteren Siebenb\u00fcrger zusammen zu f\u00fchren um einmal im Monat gemeinsam sch\u00f6ne Stunden zu verbringen. Anlaufpunkt waren die in der&#8230; <a class=\"more-link\" href=\"https:\/\/kreisgruppe-augsburg.de\/?page_id=191\">Weiterlesen &rarr;<\/a><\/p>\n","protected":false},"author":1,"featured_media":382,"parent":152,"menu_order":0,"comment_status":"closed","ping_status":"closed","template":"","meta":{"ngg_post_thumbnail":0,"footnotes":""},"class_list":["post-191","page","type-page","status-publish","has-post-thumbnail","hentry"],"jetpack_sharing_enabled":true,"_links":{"self":[{"href":"https:\/\/kreisgruppe-augsburg.de\/index.php?rest_route=\/wp\/v2\/pages\/191","targetHints":{"allow":["GET"]}}],"collection":[{"href":"https:\/\/kreisgruppe-augsburg.de\/index.php?rest_route=\/wp\/v2\/pages"}],"about":[{"href":"https:\/\/kreisgruppe-augsburg.de\/index.php?rest_route=\/wp\/v2\/types\/page"}],"author":[{"embeddable":true,"href":"https:\/\/kreisgruppe-augsburg.de\/index.php?rest_route=\/wp\/v2\/users\/1"}],"replies":[{"embeddable":true,"href":"https:\/\/kreisgruppe-augsburg.de\/index.php?rest_route=%2Fwp%2Fv2%2Fcomments&post=191"}],"version-history":[{"count":9,"href":"https:\/\/kreisgruppe-augsburg.de\/index.php?rest_route=\/wp\/v2\/pages\/191\/revisions"}],"predecessor-version":[{"id":1007,"href":"https:\/\/kreisgruppe-augsburg.de\/index.php?rest_route=\/wp\/v2\/pages\/191\/revisions\/1007"}],"up":[{"embeddable":true,"href":"https:\/\/kreisgruppe-augsburg.de\/index.php?rest_route=\/wp\/v2\/pages\/152"}],"wp:featuredmedia":[{"embeddable":true,"href":"https:\/\/kreisgruppe-augsburg.de\/index.php?rest_route=\/wp\/v2\/media\/382"}],"wp:attachment":[{"href":"https:\/\/kreisgruppe-augsburg.de\/index.php?rest_route=%2Fwp%2Fv2%2Fmedia&parent=191"}],"curies":[{"name":"wp","href":"https:\/\/api.w.org\/{rel}","templated":true}]}}