{"id":268,"date":"2020-03-10T18:41:09","date_gmt":"2020-03-10T18:41:09","guid":{"rendered":"http:\/\/kreisgruppe-augsburg.de\/?page_id=268"},"modified":"2020-03-10T18:41:09","modified_gmt":"2020-03-10T18:41:09","slug":"impressum","status":"publish","type":"page","link":"https:\/\/kreisgruppe-augsburg.de\/?page_id=268","title":{"rendered":"Impressum"},"content":{"rendered":"\n<figure class=\"wp-block-table\"><table class=\"\"><tbody><tr><td><strong>Webmaster:<\/strong><\/td><\/tr><tr><td>Udo Schneider <\/td><\/tr><tr><td>E-Mail: <a href=\"mailto:udo.schneider@kreisgruppe-augsburg.de\">udo.schneider@kreisgruppe-augsburg.de<\/a><\/td><\/tr><tr><td><\/td><\/tr><tr><td><strong>Disclaimer:<\/strong><\/td><\/tr><tr><td><strong>Haftung f\u00fcr Inhalte<\/strong>   <br>Die Inhalte unserer Seiten wurden mit gr\u00f6\u00dfter  Sorgfalt erstellt. F\u00fcr  die Richtigkeit, Vollst\u00e4ndigkeit und Aktualit\u00e4t  der Inhalte k\u00f6nnen wir  jedoch keine Gew\u00e4hr \u00fcbernehmen. Als Diensteanbieter sind wir gem\u00e4\u00df \u00a7 6 Abs.1  MDStV und \u00a7 8 Abs.1 TDG  f\u00fcr eigene Inhalte auf diesen Seiten nach den  allgemeinen Gesetzen  verantwortlich. Diensteanbieter sind jedoch nicht  verpflichtet, die von  ihnen \u00fcbermittelten oder gespeicherten fremden  Informationen zu  \u00fcberwachen oder nach Umst\u00e4nden zu forschen, die auf  eine rechtswidrige  T\u00e4tigkeit hinweisen. Verpflichtungen zur Entfernung  oder Sperrung der  Nutzung von Informationen nach den allgemeinen  Gesetzen bleiben hiervon  unber\u00fchrt. Eine diesbez\u00fcgliche Haftung ist  jedoch erst ab dem Zeitpunkt  der Kenntnis einer konkreten  Rechtsverletzung m\u00f6glich. Bei bekannt  werden von entsprechenden  Rechtsverletzungen werden wir diese Inhalte  umgehend entfernen.       <br><br><strong>Haftung f\u00fcr Links<\/strong>       <br>Unser Angebot enth\u00e4lt Links zu externen Webseiten  Dritter, auf deren  Inhalte wir keinen Einfluss haben. Deshalb k\u00f6nnen  wir f\u00fcr diese fremden  Inhalte auch keine Gew\u00e4hr \u00fcbernehmen. F\u00fcr die  Inhalte der verlinkten  Seiten ist stets der jeweilige Anbieter oder  Betreiber der Seiten  verantwortlich. Die verlinkten Seiten wurden zum  Zeitpunkt der  Verlinkung auf m\u00f6gliche Rechtsverst\u00f6\u00dfe \u00fcberpr\u00fcft.  Rechtswidrige Inhalte  waren zum Zeitpunkt der Verlinkung nicht  erkennbar. Eine permanente  inhaltliche Kontrolle der verlinkten Seiten  ist jedoch ohne konkrete  Anhaltspunkte einer Rechtsverletzung nicht  zumutbar. Bei bekannt werden  von Rechtsverletzungen werden wir  derartige Links umgehend entfernen.       <br><br><strong>Urheberrecht<\/strong>       <br>Die Betreiber der Seiten sind bem\u00fcht, stets die  Urheberrechte  anderer zu beachten bzw. auf selbst erstellte sowie  lizenzfreie Werke  zur\u00fcckzugreifen. Die durch die Seitenbetreiber erstellten Inhalte  und Werke auf  diesen Seiten unterliegen dem deutschen Urheberrecht.  Beitr\u00e4ge Dritter  sind als solche gekennzeichnet. Die Vervielf\u00e4ltigung,  Bearbeitung,  Verbreitung und jede Art der Verwertung au\u00dferhalb der  Grenzen des  Urheberrechtes bed\u00fcrfen der schriftlichen Zustimmung des  jeweiligen  Autors bzw. Erstellers. Downloads und Kopien dieser Seite  sind nur f\u00fcr  den privaten, nicht kommerziellen Gebrauch gestattet.       <br><br><strong>Datenschutz <\/strong>       <br>Soweit auf unseren Seiten personenbezogene Daten  (beispielsweise  Name, Anschrift oder eMail-Adressen) erhoben werden,  erfolgt dies  soweit m\u00f6glich stets auf freiwilliger Basis. Die Nutzung  der Angebote  und Dienste ist, soweit m\u00f6glich, stets ohne Angabe  personenbezogener  Daten m\u00f6glich. Der Nutzung von im Rahmen der Impressumspflicht  ver\u00f6ffentlichten  Kontaktdaten durch Dritte zur \u00dcbersendung von nicht  ausdr\u00fccklich  angeforderter Werbung und Informationsmaterialien wird  hiermit  ausdr\u00fccklich widersprochen. Die Betreiber der Seiten behalten  sich  ausdr\u00fccklich rechtliche Schritte im Falle der unverlangten  Zusendung  von Werbeinformationen, etwa durch Spam-Mails, vor.       <br><br>Quelle: <a href=\"http:\/\/www.e-recht24.de\/muster-disclaimer.htm\">Disclaimer<\/a> von eRecht24.de dem Informationsportal zum <a href=\"http:\/\/www.e-recht24.de\">Internetrecht<\/a><\/td><\/tr><\/tbody><\/table><\/figure>\n","protected":false},"excerpt":{"rendered":"<p>Webmaster: Udo Schneider E-Mail: udo.schneider@kreisgruppe-augsburg.de Disclaimer: Haftung f\u00fcr Inhalte Die Inhalte unserer Seiten wurden mit gr\u00f6\u00dfter Sorgfalt erstellt. F\u00fcr die Richtigkeit, Vollst\u00e4ndigkeit und Aktualit\u00e4t der Inhalte k\u00f6nnen wir jedoch keine Gew\u00e4hr \u00fcbernehmen. Als Diensteanbieter sind wir gem\u00e4\u00df \u00a7 6 Abs.1&#8230; <a class=\"more-link\" href=\"https:\/\/kreisgruppe-augsburg.de\/?page_id=268\">Weiterlesen &rarr;<\/a><\/p>\n","protected":false},"author":1,"featured_media":0,"parent":0,"menu_order":0,"comment_status":"closed","ping_status":"closed","template":"","meta":{"ngg_post_thumbnail":0,"footnotes":""},"class_list":["post-268","page","type-page","status-publish","hentry"],"jetpack_sharing_enabled":true,"_links":{"self":[{"href":"https:\/\/kreisgruppe-augsburg.de\/index.php?rest_route=\/wp\/v2\/pages\/268","targetHints":{"allow":["GET"]}}],"collection":[{"href":"https:\/\/kreisgruppe-augsburg.de\/index.php?rest_route=\/wp\/v2\/pages"}],"about":[{"href":"https:\/\/kreisgruppe-augsburg.de\/index.php?rest_route=\/wp\/v2\/types\/page"}],"author":[{"embeddable":true,"href":"https:\/\/kreisgruppe-augsburg.de\/index.php?rest_route=\/wp\/v2\/users\/1"}],"replies":[{"embeddable":true,"href":"https:\/\/kreisgruppe-augsburg.de\/index.php?rest_route=%2Fwp%2Fv2%2Fcomments&post=268"}],"version-history":[{"count":1,"href":"https:\/\/kreisgruppe-augsburg.de\/index.php?rest_route=\/wp\/v2\/pages\/268\/revisions"}],"predecessor-version":[{"id":271,"href":"https:\/\/kreisgruppe-augsburg.de\/index.php?rest_route=\/wp\/v2\/pages\/268\/revisions\/271"}],"wp:attachment":[{"href":"https:\/\/kreisgruppe-augsburg.de\/index.php?rest_route=%2Fwp%2Fv2%2Fmedia&parent=268"}],"curies":[{"name":"wp","href":"https:\/\/api.w.org\/{rel}","templated":true}]}}