{"id":39,"date":"2021-03-15T11:30:00","date_gmt":"2021-03-15T11:30:00","guid":{"rendered":"http:\/\/kreisgruppe-augsburg.de\/?page_id=39"},"modified":"2022-03-31T21:14:47","modified_gmt":"2022-03-31T21:14:47","slug":"colibri-wp","status":"publish","type":"page","link":"https:\/\/kreisgruppe-augsburg.de\/","title":{"rendered":"Startseite"},"content":{"rendered":"<div class=\"style-173 style-local-39-c1 position-relative\" data-colibri-id=\"39-c1\">\n<div id=\"overlappable\" class=\"h-section h-section-global-spacing d-flex align-items-lg-center align-items-md-center align-items-center style-174 style-local-39-c2 position-relative\" data-colibri-component=\"section\" data-colibri-id=\"39-c2\">\n<p><strong>Herzlich Willkommen<\/strong> auf unserer neuen Webseite!<\/p>\n<p>Wir informieren Sie hier \u00fcber die Aktivit\u00e4ten der Kreisgruppe Augsburg.<br \/>\nAnregungen und Ideen nehmen wir gerne \u00fcber die E-Mail Adresse: <a href=\"mailto:kontakt@kreisgruppe-augsburg.de\"><strong>kontakt@kreisgruppe-augsburg.de<\/strong><\/a> entgegen.<\/p>\n<p>F\u00fcr weitere Informationen k\u00f6nnen Sie auch folgende Seiten besuchen:<\/p>\n<p><a href=\"https:\/\/www.siebenbuerger.de\/bayern\/landesverband\/kreisgruppen\/augsburg\/\" target=\"_blank\" rel=\"noopener noreferrer\">Verband der Siebenb\u00fcrger Sachsen<\/a><br \/>\n<a href=\"https:\/\/facebook.com\/siebenbuergerKGAugsburg\" target=\"_blank\" rel=\"noopener noreferrer\" data-wplink-edit=\"true\">Facebook der Kreisgruppe Augsburg<\/a><\/p>\n<p>&nbsp;<\/p>\n<\/div>\n<\/div>\n","protected":false},"excerpt":{"rendered":"<p>Herzlich Willkommen auf unserer neuen Webseite! Wir informieren Sie hier \u00fcber die Aktivit\u00e4ten der Kreisgruppe Augsburg. Anregungen und Ideen nehmen wir gerne \u00fcber die E-Mail Adresse: kontakt@kreisgruppe-augsburg.de entgegen. F\u00fcr weitere Informationen k\u00f6nnen Sie auch folgende Seiten besuchen: Verband der Siebenb\u00fcrger&#8230; <a class=\"more-link\" href=\"https:\/\/kreisgruppe-augsburg.de\/\">Weiterlesen &rarr;<\/a><\/p>\n","protected":false},"author":1,"featured_media":525,"parent":0,"menu_order":1,"comment_status":"closed","ping_status":"closed","template":"","meta":{"ngg_post_thumbnail":0,"footnotes":""},"class_list":["post-39","page","type-page","status-publish","has-post-thumbnail","hentry"],"jetpack_sharing_enabled":true,"_links":{"self":[{"href":"https:\/\/kreisgruppe-augsburg.de\/index.php?rest_route=\/wp\/v2\/pages\/39","targetHints":{"allow":["GET"]}}],"collection":[{"href":"https:\/\/kreisgruppe-augsburg.de\/index.php?rest_route=\/wp\/v2\/pages"}],"about":[{"href":"https:\/\/kreisgruppe-augsburg.de\/index.php?rest_route=\/wp\/v2\/types\/page"}],"author":[{"embeddable":true,"href":"https:\/\/kreisgruppe-augsburg.de\/index.php?rest_route=\/wp\/v2\/users\/1"}],"replies":[{"embeddable":true,"href":"https:\/\/kreisgruppe-augsburg.de\/index.php?rest_route=%2Fwp%2Fv2%2Fcomments&post=39"}],"version-history":[{"count":15,"href":"https:\/\/kreisgruppe-augsburg.de\/index.php?rest_route=\/wp\/v2\/pages\/39\/revisions"}],"predecessor-version":[{"id":793,"href":"https:\/\/kreisgruppe-augsburg.de\/index.php?rest_route=\/wp\/v2\/pages\/39\/revisions\/793"}],"wp:featuredmedia":[{"embeddable":true,"href":"https:\/\/kreisgruppe-augsburg.de\/index.php?rest_route=\/wp\/v2\/media\/525"}],"wp:attachment":[{"href":"https:\/\/kreisgruppe-augsburg.de\/index.php?rest_route=%2Fwp%2Fv2%2Fmedia&parent=39"}],"curies":[{"name":"wp","href":"https:\/\/api.w.org\/{rel}","templated":true}]}}