{"id":740,"date":"2022-01-15T16:25:01","date_gmt":"2022-01-15T16:25:01","guid":{"rendered":"https:\/\/kreisgruppe-augsburg.de\/?page_id=740"},"modified":"2022-01-15T17:52:05","modified_gmt":"2022-01-15T17:52:05","slug":"kreisgruppe-augsburg","status":"publish","type":"page","link":"https:\/\/kreisgruppe-augsburg.de\/?page_id=740","title":{"rendered":"Presse Berichte"},"content":{"rendered":"\n<p class=\"has-text-align-center\"><strong>\u201eWer sich aufmacht, der wird offen\u201c<\/strong><\/p>\n\n\n\n<p class=\"has-text-align-center\"><strong>Kreisgruppe feiert Weihnachtsgottesdienst<\/strong><\/p>\n\n\n\n<p>Diejenigen, die sich am 19. Dezember, dem vierten Adventssonntag in die St. Johanneskirche in Augsburg-Oberhausen aufmachten, wurden schon beim Betreten des Gotteshauses von einer besonderen Adventsatmosph\u00e4re eingenommen. Der erste Blick fiel auf den festlich geschm\u00fcckten und hellerleuchteten Weihnachtsbaum mitten im Altarraum. Die stimmungsvollen Kl\u00e4nge der situationsangepassten kleineren Formation der Siebenb\u00fcrger Blaskapelle Augsburg e. V. erschallten von der Empore durch den Kirchenraum. Es verbreiteten sich Weihnachtsgef\u00fchle und die Vorfreude auf den Festgottesdienst.<\/p>\n\n\n\n<p>Der Gottesdienst wird schon seit Jahren in der Adventszeit in Augsburg begangen. Alles traditionell, wie immer? Und doch auch anders als gewohnt. Schon die Vorplanungen unter Beachtung der Corona-Schutzma\u00dfnahmen wurden durch diese unklare Situation erschwert.<\/p>\n\n\n\n<p>\u201eSch\u00f6n, dass Sie sich aufgemacht haben, trotz der Umst\u00e4nde, aus dem Umland und aus Augsburg, um die frohe Botschaft der Weihnacht zu empfangen und um miteinander zu feiern und zu singen. Wir sp\u00fcren Gottes Gnade\u201c, begr\u00fc\u00dfte Diakonin Elisabeth Krau\u00df die Festgemeinde. Der Da Capo Chor sang bekannte weihnachtliche Lieder. Dirigentin Helga Schw\u00e4gele hatte sie mit den S\u00e4ngerinnen und S\u00e4ngern, deren Stimmen sehr gut miteinander harmonieren, einstudiert.<\/p>\n\n\n\n<p>Die biblische Weihnachtsgeschichte zu der Geburt Jesu wurde verlesen von den Konfirmandinnen Letizia Hopprich, Angelina Klein, Selina Seiwerth und Tabea Stolz aus der Kindertanzgruppe Augsburg. Weihnachtsgedichte wurden feierlich von Emilia Hopprich, Elias Bako, Sebastian St\u00f6ger, Emma Dengel und Alicia Klein vorgetragen. Die Tanzgruppenleiter Sandra Bruss und Helmut Schwarz hatten mit den Kindern die Vorbereitungen dazu getroffen.<\/p>\n\n\n\n<p>Als Helmut Hiller mit der Orgel das Lied \u201eStille Nacht, heilige Nacht\u201c anstimmte und die Lichter gedimmt wurden, war es f\u00fcr viele Gottesdienstbesucher einer der besonderen ergreifenden Momente. Die Botschaft der Weihnacht, der Trost und die Zuversicht, die Hoffnung und die Freude versp\u00fcrten alle f\u00fcr sich und doch in Gemeinschaft.<\/p>\n\n\n\n<p>Kreisgruppenvorsitzender Helmut Schwarz richtete in seinem Gru\u00dfwort einen ausdr\u00fccklichen Dank an die Kirchengemeinde f\u00fcr die langj\u00e4hrige Zusammenarbeit, an die Vorstandschaft der Kreisgruppe f\u00fcr die Kraft und den Mut, ihre Arbeit weiterzuf\u00fchren in dieser schweren und au\u00dfergew\u00f6hnlichen Zeit, sowie an die aktiven Gruppenmitglieder f\u00fcr die Gemeinschaft und die zuverl\u00e4ssige Unterst\u00fctzung. In seine Weihnachts- und Neujahrsgr\u00fc\u00dfe schloss H. Schwarz alle Mitglieder und Landsleute ein, insbesondere auch diejenigen, die den Gottesdienst nicht besuchen konnten, und \u00e4u\u00dferte die Hoffnung, das Gemeinschaftsleben bald unter normalen Umst\u00e4nden fortf\u00fchren zu k\u00f6nnen.<\/p>\n\n\n\n<p>Nach dem zu Bl\u00e4sermusik gemeinsam gesungenen Lied \u201eIhr Kinderlein kommet\u201c f\u00fchlten sich alle M\u00e4dchen und Jungen eingeladen, sich ein P\u00e4ckchen unter dem Christbaum zu holen. Liebevoll waren diese von Adelheid Kellinger und den Damen der Handarbeitsgruppe mit selbstgebackenen duftenden Lebkuchen, S\u00fc\u00dfigkeiten und Obst vorbereitet worden.<\/p>\n\n\n\n<p>Besonders wurde auch an alle Mitglieder, die \u00fcber 90 Jahre alt sind, gedacht. Allj\u00e4hrlich werden sie von Vorstandsmitgliedern besucht und erhalten ein Weihnachtsp\u00e4ckchen als Geschenk. Die entgegengebrachte Freude und Zuneigung ist bei diesen Besuchen eine Erfahrung, die zu Herzen geht.<\/p>\n\n\n\n<p>Adrian Schneider hat einen Videofilm \u00fcber die Vorbereitungen und den Gottesdienst zusammengestellt, der unter dem Titel \u201eWeihnachtsgr\u00fc\u00dfe 2021 der KG Augsburg\u201c in den sozialen Netzwerken angeschaut werden kann.<\/p>\n\n\n\n<p>In ihrer Predigt hat Diakonin Elisabeth Krau\u00df den Gottesdienstbesuchern Mut zugesprochen: \u201eGott ist da, wir haben die Gewissheit der Liebe Gottes und das Vertrauen, dass Gott es gut machen wird. Er ist da f\u00fcr alle. Wer sich aufmacht, der wird offen und empf\u00e4ngt.\u201c<\/p>\n\n\n\n<p>Wir w\u00fcnschen Ihnen ein gesegnetes und gesundes neues Jahr 2022!<\/p>\n\n\n\n<p>                                                                                                                                     <em>Annemarie Klein<\/em><\/p>\n\n\n\n<figure class=\"wp-block-image size-large\"><img loading=\"lazy\" decoding=\"async\" width=\"1024\" height=\"683\" src=\"https:\/\/kreisgruppe-augsburg.de\/wp-content\/uploads\/2022\/01\/Weihnachtsgottesdienst-2021-1-1024x683.jpg\" alt=\"\" class=\"wp-image-746\" srcset=\"https:\/\/kreisgruppe-augsburg.de\/wp-content\/uploads\/2022\/01\/Weihnachtsgottesdienst-2021-1-1024x683.jpg 1024w, https:\/\/kreisgruppe-augsburg.de\/wp-content\/uploads\/2022\/01\/Weihnachtsgottesdienst-2021-1-300x200.jpg 300w, https:\/\/kreisgruppe-augsburg.de\/wp-content\/uploads\/2022\/01\/Weihnachtsgottesdienst-2021-1-768x512.jpg 768w, https:\/\/kreisgruppe-augsburg.de\/wp-content\/uploads\/2022\/01\/Weihnachtsgottesdienst-2021-1-1536x1024.jpg 1536w, https:\/\/kreisgruppe-augsburg.de\/wp-content\/uploads\/2022\/01\/Weihnachtsgottesdienst-2021-1-600x400.jpg 600w, https:\/\/kreisgruppe-augsburg.de\/wp-content\/uploads\/2022\/01\/Weihnachtsgottesdienst-2021-1-945x630.jpg 945w, https:\/\/kreisgruppe-augsburg.de\/wp-content\/uploads\/2022\/01\/Weihnachtsgottesdienst-2021-1.jpg 1936w\" sizes=\"auto, (max-width: 1024px) 100vw, 1024px\" \/><figcaption> Weihnachtsgottesdienst in Augsburg, vorne links: Stadtr\u00e4tin Dr. Hella Gerber, hinten links: der bayerische Landtagsabgeordneter Andreas J\u00e4ckel, hinten rechts: Kreisgruppenvorsitzender Helmut Schwarz, links daneben Tanzgruppenleiterin Sandra Bruss, und Mitglieder der Kindertanzgruppe Augsburg. Foto: Markus Stenner <\/figcaption><\/figure>\n\n\n\n<p><\/p>\n","protected":false},"excerpt":{"rendered":"<p>\u201eWer sich aufmacht, der wird offen\u201c Kreisgruppe feiert Weihnachtsgottesdienst Diejenigen, die sich am 19. Dezember, dem vierten Adventssonntag in die St. Johanneskirche in Augsburg-Oberhausen aufmachten, wurden schon beim Betreten des Gotteshauses von einer besonderen Adventsatmosph\u00e4re eingenommen. Der erste Blick fiel&#8230; <a class=\"more-link\" href=\"https:\/\/kreisgruppe-augsburg.de\/?page_id=740\">Weiterlesen &rarr;<\/a><\/p>\n","protected":false},"author":1,"featured_media":0,"parent":0,"menu_order":0,"comment_status":"closed","ping_status":"closed","template":"","meta":{"ngg_post_thumbnail":0,"footnotes":""},"class_list":["post-740","page","type-page","status-publish","hentry"],"jetpack_sharing_enabled":true,"_links":{"self":[{"href":"https:\/\/kreisgruppe-augsburg.de\/index.php?rest_route=\/wp\/v2\/pages\/740","targetHints":{"allow":["GET"]}}],"collection":[{"href":"https:\/\/kreisgruppe-augsburg.de\/index.php?rest_route=\/wp\/v2\/pages"}],"about":[{"href":"https:\/\/kreisgruppe-augsburg.de\/index.php?rest_route=\/wp\/v2\/types\/page"}],"author":[{"embeddable":true,"href":"https:\/\/kreisgruppe-augsburg.de\/index.php?rest_route=\/wp\/v2\/users\/1"}],"replies":[{"embeddable":true,"href":"https:\/\/kreisgruppe-augsburg.de\/index.php?rest_route=%2Fwp%2Fv2%2Fcomments&post=740"}],"version-history":[{"count":7,"href":"https:\/\/kreisgruppe-augsburg.de\/index.php?rest_route=\/wp\/v2\/pages\/740\/revisions"}],"predecessor-version":[{"id":756,"href":"https:\/\/kreisgruppe-augsburg.de\/index.php?rest_route=\/wp\/v2\/pages\/740\/revisions\/756"}],"wp:attachment":[{"href":"https:\/\/kreisgruppe-augsburg.de\/index.php?rest_route=%2Fwp%2Fv2%2Fmedia&parent=740"}],"curies":[{"name":"wp","href":"https:\/\/api.w.org\/{rel}","templated":true}]}}